{"id":49,"date":"2020-03-22T19:58:37","date_gmt":"2020-03-22T18:58:37","guid":{"rendered":"http:\/\/peppertask.com\/?page_id=49"},"modified":"2025-08-08T09:33:45","modified_gmt":"2025-08-08T07:33:45","slug":"who","status":"publish","type":"page","link":"https:\/\/peppertask.com\/index.php\/who\/","title":{"rendered":"Curriculum Vitae"},"content":{"rendered":"\n<p><strong>Exp\u00e9rience<\/strong><br><br><strong>1998 \u2013 2001 \u2013 Start People \u2013 Consultant en int\u00e9rim<\/strong><br>Je d\u00e9couvre le monde des RH par la dure \u00e9cole qu\u2019est la consultance en int\u00e9rim.<br>Chez Creyf\u2019s Interim (aujourd\u2019hui Start People), je fais mes premiers pas.<br>Le recrutement \u00e0 la cha\u00eene, malgr\u00e9 mon go\u00fbt pour le contact humain, ne me correspond pas vraiment\u2026<\/p>\n\n\n\n<hr class=\"wp-block-separator has-alpha-channel-opacity\"\/>\n\n\n\n<p><strong>2001 \u2013 2009 \u2013 D\u2019Ieteren \u2013 Payroll Officer<\/strong><br>Je plonge dans l\u2019administration RH et la rigueur qu\u2019elle implique : un univers dans lequel je m\u2019\u00e9panouis pleinement.<br>J\u2019apprends les bases du payroll en g\u00e9rant les accidents du travail, formations syndicales, cong\u00e9s \u00e9ducation, une partie de la flotte de v\u00e9hicules\u2026 avant de passer au payroll ouvrier.<br>Je profite de l\u2019exp\u00e9rience de coll\u00e8gues chevronn\u00e9s et reprends des \u00e9tudes \u00e0 l\u2019EPHEC.<br>Ce que j\u2019aime par-dessus tout : l\u2019automatisation des t\u00e2ches. Je d\u00e9veloppe des macros et optimise les processus pour gagner en rapidit\u00e9 et en qualit\u00e9.<br>Mais mon besoin d\u2019autonomie me pousse \u00e0 quitter, le c\u0153ur lourd, mes coll\u00e8gues et mentors.<\/p>\n\n\n\n<hr class=\"wp-block-separator has-alpha-channel-opacity\"\/>\n\n\n\n<p><strong>2009 \u2013 2012 \u2013 Mediafin \u2013 Payroll Officer<\/strong><br>Je deviens \u00ab seul ma\u00eetre \u00e0 bord \u00bb pour g\u00e9rer de A \u00e0 Z le payroll de 180 personnes.<br>Mission accomplie\u2026 au point de commencer \u00e0 m\u2019ennuyer.<\/p>\n\n\n\n<hr class=\"wp-block-separator has-alpha-channel-opacity\"\/>\n\n\n\n<p><strong>2013 \u2013 2018 \u2013 Partena \u2013 Consultant &amp; Consultant Pre-Sales<\/strong><br>Je trouve enfin ma voie : changer d\u2019entreprise, m\u2019adapter \u00e0 de nouveaux environnements, j\u2019adore \u00e7a !<br>Je g\u00e8re le payroll de clients vari\u00e9s (Alstom, Syntigo, Danone, Beeline\u2026) et me sp\u00e9cialise dans l\u2019analyse de processus.<br>En tant que consultant Pre-Sales, j\u2019analyse le fonctionnement d\u2019une centaine d\u2019entreprises et pr\u00e9pare des d\u00e9monstrations sur mesure des outils Partena.<br>Cette fonction hybride, \u00e0 la fois technique et commerciale, est un vrai plaisir.<br>Mais j\u2019ai envie de plus : \u00e9largir ma vision, proposer d\u2019autres outils. Je saute le pas et me lance comme ind\u00e9pendant.<\/p>\n\n\n\n<hr class=\"wp-block-separator has-alpha-channel-opacity\"\/>\n\n\n\n<p><strong>2018 \u2013 aujourd\u2019hui \u2013 Pepper Task \u2013 Consultant RH<\/strong><br>Je poursuis ma d\u00e9couverte d\u2019entreprises vari\u00e9es : Ineos, UTC, IMDC, Ryanair\u2026<br>Ma plus longue mission : gestion de projet chez Inditex (+ 2 500 employ\u00e9s) lors du changement de secr\u00e9tariat social en 2024.<\/p>\n\n\n\n<hr class=\"wp-block-separator has-alpha-channel-opacity\"\/>\n\n\n\n<p><strong>2025 \u2013 Matato \u2013 Co-g\u00e9rant<\/strong><br>Avec mon \u00e9pouse, nous ouvrons une caf\u00e9-librairie sp\u00e9cialis\u00e9e en bien-\u00eatre, philosophie, nature et soins holistiques.<br>Je conjugue amour des livres et contact humain, tout en animant des ateliers de tarot pour partager mon exp\u00e9rience.<\/p>\n\n\n\n<hr class=\"wp-block-separator has-alpha-channel-opacity\"\/>\n\n\n\n<h3 class=\"wp-block-heading\">Formation<\/h3>\n\n\n\n<p><br><strong>\u00c9ducateur A2<\/strong> \u2013 Institut des S\u0153urs de Notre-Dame (1998)<\/p>\n\n\n\n<p><strong>Bachelier en ressources humaines<\/strong> \u2013 EPHEC (2003)<\/p>\n\n\n\n<p><strong>Th\u00e9\u00e2tre<\/strong> \u2013 Studio Chekhov (Bruxelles), Acad\u00e9mie de Nivelles, formations en clowning<\/p>\n\n\n\n<p><strong>Tarot<\/strong> \u2013 Reynald Halloy (2021 \u2013 \u2026)<\/p>\n\n\n\n<p><strong>Analyse Feng Shui<\/strong> \u2013 Isabelle Sengel (2023)<br><br><strong>Th\u00e9rapie craniosacr\u00e9e biodynamique<\/strong> (2023 \u2013 2024)<\/p>\n\n\n\n<p> <a href=\"http:\/\/peppertask.com\/index.php\/informations\/\">Contact <\/a><\/p>\n","protected":false},"excerpt":{"rendered":"<p>Exp\u00e9rience 1998 \u2013 2001 \u2013 Start People \u2013 Consultant en int\u00e9rimJe d\u00e9couvre le monde des RH par la dure \u00e9cole qu\u2019est la consultance en int\u00e9rim.Chez Creyf\u2019s Interim (aujourd\u2019hui Start People), je fais mes premiers pas.Le recrutement \u00e0 la cha\u00eene, malgr\u00e9 mon go\u00fbt pour le contact humain, ne me correspond pas vraiment\u2026 2001 \u2013 2009 \u2013<\/p>\n<div class=\"more-link\">\n\t\t\t\t <a href=\"https:\/\/peppertask.com\/index.php\/who\/\" class=\"link-btn theme-btn\"><span>Read More <\/span> <i class=\"fa fa-caret-right\"><\/i><\/a>\n\t\t\t<\/div>\n","protected":false},"author":1,"featured_media":0,"parent":0,"menu_order":0,"comment_status":"closed","ping_status":"closed","template":"","meta":{"footnotes":""},"class_list":["post-49","page","type-page","status-publish","hentry"],"_links":{"self":[{"href":"https:\/\/peppertask.com\/index.php\/wp-json\/wp\/v2\/pages\/49","targetHints":{"allow":["GET"]}}],"collection":[{"href":"https:\/\/peppertask.com\/index.php\/wp-json\/wp\/v2\/pages"}],"about":[{"href":"https:\/\/peppertask.com\/index.php\/wp-json\/wp\/v2\/types\/page"}],"author":[{"embeddable":true,"href":"https:\/\/peppertask.com\/index.php\/wp-json\/wp\/v2\/users\/1"}],"replies":[{"embeddable":true,"href":"https:\/\/peppertask.com\/index.php\/wp-json\/wp\/v2\/comments?post=49"}],"version-history":[{"count":9,"href":"https:\/\/peppertask.com\/index.php\/wp-json\/wp\/v2\/pages\/49\/revisions"}],"predecessor-version":[{"id":383,"href":"https:\/\/peppertask.com\/index.php\/wp-json\/wp\/v2\/pages\/49\/revisions\/383"}],"wp:attachment":[{"href":"https:\/\/peppertask.com\/index.php\/wp-json\/wp\/v2\/media?parent=49"}],"curies":[{"name":"wp","href":"https:\/\/api.w.org\/{rel}","templated":true}]}}